{"id":62,"date":"2021-08-17T19:59:27","date_gmt":"2021-08-17T19:59:27","guid":{"rendered":"http:\/\/danielstork.com\/?page_id=62"},"modified":"2024-05-23T23:29:09","modified_gmt":"2024-05-23T23:29:09","slug":"inicio-2","status":"publish","type":"page","link":"https:\/\/danielstork.com\/","title":{"rendered":"Inicio"},"content":{"rendered":"\t\t<div data-elementor-type=\"wp-page\" data-elementor-id=\"62\" class=\"elementor elementor-62\" data-elementor-settings=\"[]\">\n\t\t\t\t\t\t\t<div class=\"elementor-section-wrap\">\n\t\t\t\t\t\t\t<section class=\"has_eae_slider elementor-section elementor-top-section elementor-element elementor-element-5f6dfef3 elementor-section-full_width elementor-section-height-default elementor-section-height-default\" data-id=\"5f6dfef3\" data-element_type=\"section\" data-settings=\"{&quot;background_background&quot;:&quot;classic&quot;,&quot;shape_divider_bottom&quot;:&quot;arrow&quot;,&quot;shape_divider_bottom_negative&quot;:&quot;yes&quot;}\">\n\t\t\t\t\t\t\t<div class=\"elementor-background-overlay\"><\/div>\n\t\t\t\t\t\t<div class=\"elementor-shape elementor-shape-bottom\" data-negative=\"true\">\n\t\t\t<svg xmlns=\"http:\/\/www.w3.org\/2000\/svg\" viewBox=\"0 0 700 10\" preserveAspectRatio=\"none\">\n\t<path class=\"elementor-shape-fill\" d=\"M360 0L350 9.9 340 0 0 0 0 10 700 10 700 0\"\/>\n<\/svg>\t\t<\/div>\n\t\t\t\t\t<div class=\"elementor-container elementor-column-gap-no\">\n\t\t\t\t\t<div class=\"has_eae_slider elementor-column elementor-col-100 elementor-top-column elementor-element elementor-element-00f483a\" data-id=\"00f483a\" data-element_type=\"column\">\n\t\t\t<div class=\"elementor-widget-wrap elementor-element-populated\">\n\t\t\t\t\t\t\t\t<div class=\"elementor-element elementor-element-58e416c stax-condition-yes elementor-widget elementor-widget-image\" data-id=\"58e416c\" data-element_type=\"widget\" data-widget_type=\"image.default\">\n\t\t\t\t<div class=\"elementor-widget-container\">\n\t\t\t\t\t\t\t\t\t\t\t\t\t\t\t<img decoding=\"async\" width=\"969\" height=\"323\" src=\"https:\/\/i0.wp.com\/danielstork.com\/wp-content\/uploads\/2021\/08\/cropped-Mesa-de-trabajo-1Daniel-Stork-.png?resize=969%2C323&#038;ssl=1\" class=\"attachment-full size-full\" alt=\"\" loading=\"lazy\" srcset=\"https:\/\/i0.wp.com\/danielstork.com\/wp-content\/uploads\/2021\/08\/cropped-Mesa-de-trabajo-1Daniel-Stork-.png?w=969&amp;ssl=1 969w, https:\/\/i0.wp.com\/danielstork.com\/wp-content\/uploads\/2021\/08\/cropped-Mesa-de-trabajo-1Daniel-Stork-.png?resize=300%2C100&amp;ssl=1 300w, https:\/\/i0.wp.com\/danielstork.com\/wp-content\/uploads\/2021\/08\/cropped-Mesa-de-trabajo-1Daniel-Stork-.png?resize=768%2C256&amp;ssl=1 768w\" sizes=\"(max-width: 969px) 100vw, 969px\" data-recalc-dims=\"1\" \/>\t\t\t\t\t\t\t\t\t\t\t\t\t\t\t<\/div>\n\t\t\t\t<\/div>\n\t\t\t\t\t<\/div>\n\t\t<\/div>\n\t\t\t\t\t\t\t<\/div>\n\t\t<\/section>\n\t\t\t\t<section class=\"has_eae_slider elementor-section elementor-top-section elementor-element elementor-element-d2e03ce elementor-section-content-middle elementor-section-boxed elementor-section-height-default elementor-section-height-default\" data-id=\"d2e03ce\" data-element_type=\"section\" data-settings=\"{&quot;background_background&quot;:&quot;classic&quot;}\">\n\t\t\t\t\t\t<div class=\"elementor-container elementor-column-gap-default\">\n\t\t\t\t\t<div class=\"has_eae_slider elementor-column elementor-col-100 elementor-top-column elementor-element elementor-element-7ca32c68\" data-id=\"7ca32c68\" data-element_type=\"column\">\n\t\t\t<div class=\"elementor-widget-wrap elementor-element-populated\">\n\t\t\t\t\t\t\t\t<div class=\"elementor-element elementor-element-54befde8 elementor-widget elementor-widget-heading\" data-id=\"54befde8\" data-element_type=\"widget\" data-widget_type=\"heading.default\">\n\t\t\t\t<div class=\"elementor-widget-container\">\n\t\t\t<h3 class=\"elementor-heading-title elementor-size-default\">WhatsApp: +54 9 2923 643677<\/h3>\t\t<\/div>\n\t\t\t\t<\/div>\n\t\t\t\t\t<\/div>\n\t\t<\/div>\n\t\t\t\t\t\t\t<\/div>\n\t\t<\/section>\n\t\t\t\t<section class=\"has_eae_slider elementor-section elementor-top-section elementor-element elementor-element-533784e9 elementor-section-content-middle elementor-reverse-mobile elementor-section-boxed elementor-section-height-default elementor-section-height-default\" data-id=\"533784e9\" data-element_type=\"section\">\n\t\t\t\t\t\t<div class=\"elementor-container elementor-column-gap-default\">\n\t\t\t\t\t<div class=\"has_eae_slider elementor-column elementor-col-50 elementor-top-column elementor-element elementor-element-15b4038c\" data-id=\"15b4038c\" data-element_type=\"column\">\n\t\t\t<div class=\"elementor-widget-wrap elementor-element-populated\">\n\t\t\t\t\t\t\t\t<div class=\"elementor-element elementor-element-6c4ad868 elementor-widget elementor-widget-heading\" data-id=\"6c4ad868\" data-element_type=\"widget\" data-widget_type=\"heading.default\">\n\t\t\t\t<div class=\"elementor-widget-container\">\n\t\t\t<h3 class=\"elementor-heading-title elementor-size-default\">Derecho Inmobiliario<\/h3>\t\t<\/div>\n\t\t\t\t<\/div>\n\t\t\t\t<div class=\"elementor-element elementor-element-632a4322 elementor-widget elementor-widget-text-editor\" data-id=\"632a4322\" data-element_type=\"widget\" data-widget_type=\"text-editor.default\">\n\t\t\t\t<div class=\"elementor-widget-container\">\n\t\t\t\t\t\t\t<p><span style=\"vertical-align: inherit;\"><span style=\"vertical-align: inherit;\">El \u00e1mbito de actuaci\u00f3n del derecho inmobiliario es todo aquello que se relaciona con los bienes ra\u00edces (vivienda, local, terreno) tanto lo relativo al ciudadano con las Administraciones, o de los ciudadanos entre s\u00ed.<\/span><\/span><\/p><p><span style=\"vertical-align: inherit;\"><span style=\"vertical-align: inherit;\">Como es el caso de los arrendamientos urbanos\/rurales, la compraventa de viviendas, los traspasos de local de negocio, as\u00ed como todos los contratos relacionados con estas actuaciones.<\/span><\/span><\/p><p><span style=\"vertical-align: inherit;\"><span style=\"vertical-align: inherit;\">El Derecho Inmobiliario se vincula con todos los tr\u00e1mites de inscripci\u00f3n relacionados con el Registro de Propiedad.<\/span><\/span><\/p>\t\t\t\t\t\t<\/div>\n\t\t\t\t<\/div>\n\t\t\t\t\t<\/div>\n\t\t<\/div>\n\t\t\t\t<div class=\"has_eae_slider elementor-column elementor-col-50 elementor-top-column elementor-element elementor-element-5a9d810f\" data-id=\"5a9d810f\" data-element_type=\"column\">\n\t\t\t<div class=\"elementor-widget-wrap elementor-element-populated\">\n\t\t\t\t\t\t\t\t<div class=\"elementor-element elementor-element-5f317855 elementor-widget elementor-widget-image\" data-id=\"5f317855\" data-element_type=\"widget\" data-widget_type=\"image.default\">\n\t\t\t\t<div class=\"elementor-widget-container\">\n\t\t\t\t\t\t\t\t\t\t\t\t\t\t\t<img decoding=\"async\" width=\"1080\" height=\"722\" src=\"https:\/\/i0.wp.com\/danielstork.com\/wp-content\/uploads\/2021\/10\/Mesa-de-trabajo-1Daniel-Stork.png?fit=1080%2C722&amp;ssl=1\" class=\"attachment-full size-full\" alt=\"\" loading=\"lazy\" srcset=\"https:\/\/i0.wp.com\/danielstork.com\/wp-content\/uploads\/2021\/10\/Mesa-de-trabajo-1Daniel-Stork.png?w=1080&amp;ssl=1 1080w, https:\/\/i0.wp.com\/danielstork.com\/wp-content\/uploads\/2021\/10\/Mesa-de-trabajo-1Daniel-Stork.png?resize=300%2C201&amp;ssl=1 300w, https:\/\/i0.wp.com\/danielstork.com\/wp-content\/uploads\/2021\/10\/Mesa-de-trabajo-1Daniel-Stork.png?resize=1024%2C685&amp;ssl=1 1024w, https:\/\/i0.wp.com\/danielstork.com\/wp-content\/uploads\/2021\/10\/Mesa-de-trabajo-1Daniel-Stork.png?resize=768%2C513&amp;ssl=1 768w\" sizes=\"(max-width: 1000px) 100vw, 1000px\" \/>\t\t\t\t\t\t\t\t\t\t\t\t\t\t\t<\/div>\n\t\t\t\t<\/div>\n\t\t\t\t\t<\/div>\n\t\t<\/div>\n\t\t\t\t\t\t\t<\/div>\n\t\t<\/section>\n\t\t\t\t<section class=\"has_eae_slider elementor-section elementor-top-section elementor-element elementor-element-644280f9 elementor-section-content-middle elementor-section-boxed elementor-section-height-default elementor-section-height-default\" data-id=\"644280f9\" data-element_type=\"section\">\n\t\t\t\t\t\t<div class=\"elementor-container elementor-column-gap-default\">\n\t\t\t\t\t<div class=\"has_eae_slider elementor-column elementor-col-50 elementor-top-column elementor-element elementor-element-533d9cb6\" data-id=\"533d9cb6\" data-element_type=\"column\">\n\t\t\t<div class=\"elementor-widget-wrap elementor-element-populated\">\n\t\t\t\t\t\t\t\t<div class=\"elementor-element elementor-element-111ed4d7 elementor-widget elementor-widget-image\" data-id=\"111ed4d7\" data-element_type=\"widget\" data-widget_type=\"image.default\">\n\t\t\t\t<div class=\"elementor-widget-container\">\n\t\t\t\t\t\t\t\t\t\t\t\t\t\t\t<img decoding=\"async\" width=\"1080\" height=\"672\" src=\"https:\/\/i0.wp.com\/danielstork.com\/wp-content\/uploads\/2021\/09\/FAMILIA-EDITADO-f-e1633201443314.png?fit=1080%2C672&amp;ssl=1\" class=\"attachment-full size-full\" alt=\"\" loading=\"lazy\" srcset=\"https:\/\/i0.wp.com\/danielstork.com\/wp-content\/uploads\/2021\/09\/FAMILIA-EDITADO-f-e1633201443314.png?w=1080&amp;ssl=1 1080w, https:\/\/i0.wp.com\/danielstork.com\/wp-content\/uploads\/2021\/09\/FAMILIA-EDITADO-f-e1633201443314.png?resize=300%2C187&amp;ssl=1 300w, https:\/\/i0.wp.com\/danielstork.com\/wp-content\/uploads\/2021\/09\/FAMILIA-EDITADO-f-e1633201443314.png?resize=1024%2C637&amp;ssl=1 1024w, https:\/\/i0.wp.com\/danielstork.com\/wp-content\/uploads\/2021\/09\/FAMILIA-EDITADO-f-e1633201443314.png?resize=768%2C478&amp;ssl=1 768w\" sizes=\"(max-width: 1000px) 100vw, 1000px\" \/>\t\t\t\t\t\t\t\t\t\t\t\t\t\t\t<\/div>\n\t\t\t\t<\/div>\n\t\t\t\t\t<\/div>\n\t\t<\/div>\n\t\t\t\t<div class=\"has_eae_slider elementor-column elementor-col-50 elementor-top-column elementor-element elementor-element-21484c8\" data-id=\"21484c8\" data-element_type=\"column\">\n\t\t\t<div class=\"elementor-widget-wrap elementor-element-populated\">\n\t\t\t\t\t\t\t\t<div class=\"elementor-element elementor-element-3f862345 elementor-widget elementor-widget-heading\" data-id=\"3f862345\" data-element_type=\"widget\" data-widget_type=\"heading.default\">\n\t\t\t\t<div class=\"elementor-widget-container\">\n\t\t\t<h3 class=\"elementor-heading-title elementor-size-default\">Derecho Sucesorio<\/h3>\t\t<\/div>\n\t\t\t\t<\/div>\n\t\t\t\t<div class=\"elementor-element elementor-element-5a0d603 elementor-widget elementor-widget-text-editor\" data-id=\"5a0d603\" data-element_type=\"widget\" data-widget_type=\"text-editor.default\">\n\t\t\t\t<div class=\"elementor-widget-container\">\n\t\t\t\t\t\t\t<p><span style=\"vertical-align: inherit;\"><span style=\"vertical-align: inherit;\">Se\u00a0 regula la transmisi\u00f3n de los derechos y obligaciones de una persona por causa de su fallecimiento.<\/span><\/span><\/p><p><span style=\"vertical-align: inherit;\"><span style=\"vertical-align: inherit;\">El proceso sucesorio tiene como prop\u00f3sito identificar a los sucesores de la persona fallecida, determinar los bienes que integran la herencia y finalmente inscribirlos, ya sea a nombre de los herederos o de un tercero.<\/span><\/span><\/p><p><span style=\"vertical-align: inherit;\"><span style=\"vertical-align: inherit;\">Este proceso se puede iniciar un pedido de uno o de todos los herederos.<\/span><\/span><\/p>\t\t\t\t\t\t<\/div>\n\t\t\t\t<\/div>\n\t\t\t\t\t<\/div>\n\t\t<\/div>\n\t\t\t\t\t\t\t<\/div>\n\t\t<\/section>\n\t\t\t\t<section class=\"has_eae_slider elementor-section elementor-top-section elementor-element elementor-element-55cccd9d elementor-section-content-middle elementor-reverse-mobile elementor-section-boxed elementor-section-height-default elementor-section-height-default\" data-id=\"55cccd9d\" data-element_type=\"section\">\n\t\t\t\t\t\t<div class=\"elementor-container elementor-column-gap-default\">\n\t\t\t\t\t<div class=\"has_eae_slider elementor-column elementor-col-50 elementor-top-column elementor-element elementor-element-67efd641\" data-id=\"67efd641\" data-element_type=\"column\">\n\t\t\t<div class=\"elementor-widget-wrap elementor-element-populated\">\n\t\t\t\t\t\t\t\t<div class=\"elementor-element elementor-element-44bf88a0 elementor-widget elementor-widget-heading\" data-id=\"44bf88a0\" data-element_type=\"widget\" data-widget_type=\"heading.default\">\n\t\t\t\t<div class=\"elementor-widget-container\">\n\t\t\t<h3 class=\"elementor-heading-title elementor-size-default\">Derecho Financiero<\/h3>\t\t<\/div>\n\t\t\t\t<\/div>\n\t\t\t\t<div class=\"elementor-element elementor-element-5db9e447 elementor-widget elementor-widget-text-editor\" data-id=\"5db9e447\" data-element_type=\"widget\" data-widget_type=\"text-editor.default\">\n\t\t\t\t<div class=\"elementor-widget-container\">\n\t\t\t\t\t\t\t<p>El derecho financiero es una rama del derecho p\u00fablico que tiene por objeto el \u00e1mbito del ordenamiento jur\u00eddico que rige la constituci\u00f3n y gesti\u00f3n p\u00fablica. Las actividades financieras est\u00e1n destinadas a generar ingresos y realizar gastos para poder subsidiar la satisfacci\u00f3n de determinadas necesidades colectivas.<\/p>\t\t\t\t\t\t<\/div>\n\t\t\t\t<\/div>\n\t\t\t\t\t<\/div>\n\t\t<\/div>\n\t\t\t\t<div class=\"has_eae_slider elementor-column elementor-col-50 elementor-top-column elementor-element elementor-element-533318ce\" data-id=\"533318ce\" data-element_type=\"column\">\n\t\t\t<div class=\"elementor-widget-wrap elementor-element-populated\">\n\t\t\t\t\t\t\t\t<div class=\"elementor-element elementor-element-3e6e6872 elementor-widget elementor-widget-image\" data-id=\"3e6e6872\" data-element_type=\"widget\" data-widget_type=\"image.default\">\n\t\t\t\t<div class=\"elementor-widget-container\">\n\t\t\t\t\t\t\t\t\t\t\t\t\t\t\t<img decoding=\"async\" width=\"768\" height=\"512\" src=\"https:\/\/i0.wp.com\/danielstork.com\/wp-content\/uploads\/2021\/09\/BANCO-CENTRAL-1.jpg?fit=768%2C512&amp;ssl=1\" class=\"attachment-large size-large\" alt=\"\" loading=\"lazy\" srcset=\"https:\/\/i0.wp.com\/danielstork.com\/wp-content\/uploads\/2021\/09\/BANCO-CENTRAL-1.jpg?w=768&amp;ssl=1 768w, https:\/\/i0.wp.com\/danielstork.com\/wp-content\/uploads\/2021\/09\/BANCO-CENTRAL-1.jpg?resize=300%2C200&amp;ssl=1 300w\" sizes=\"(max-width: 768px) 100vw, 768px\" \/>\t\t\t\t\t\t\t\t\t\t\t\t\t\t\t<\/div>\n\t\t\t\t<\/div>\n\t\t\t\t\t<\/div>\n\t\t<\/div>\n\t\t\t\t\t\t\t<\/div>\n\t\t<\/section>\n\t\t\t\t<section class=\"has_eae_slider elementor-section elementor-top-section elementor-element elementor-element-d027ee3 elementor-section-boxed elementor-section-height-default elementor-section-height-default\" data-id=\"d027ee3\" data-element_type=\"section\">\n\t\t\t\t\t\t<div class=\"elementor-container elementor-column-gap-default\">\n\t\t\t\t\t<div class=\"has_eae_slider elementor-column elementor-col-100 elementor-top-column elementor-element elementor-element-a160026\" data-id=\"a160026\" data-element_type=\"column\">\n\t\t\t<div class=\"elementor-widget-wrap elementor-element-populated\">\n\t\t\t\t\t\t\t\t<div class=\"elementor-element elementor-element-e82c548 elementor-widget elementor-widget-heading\" data-id=\"e82c548\" data-element_type=\"widget\" data-widget_type=\"heading.default\">\n\t\t\t\t<div class=\"elementor-widget-container\">\n\t\t\t<h3 class=\"elementor-heading-title elementor-size-default\">Desde 1992 Asesorando Jur\u00eddicamente<\/h3>\t\t<\/div>\n\t\t\t\t<\/div>\n\t\t\t\t<section class=\"has_eae_slider elementor-section elementor-inner-section elementor-element elementor-element-16e85d8 elementor-section-full_width elementor-section-height-default elementor-section-height-default\" data-id=\"16e85d8\" data-element_type=\"section\">\n\t\t\t\t\t\t<div class=\"elementor-container elementor-column-gap-default\">\n\t\t\t\t\t<div class=\"has_eae_slider elementor-column elementor-col-33 elementor-inner-column elementor-element elementor-element-bfa652d\" data-id=\"bfa652d\" data-element_type=\"column\">\n\t\t\t<div class=\"elementor-widget-wrap\">\n\t\t\t\t\t\t\t\t\t<\/div>\n\t\t<\/div>\n\t\t\t\t<div class=\"has_eae_slider elementor-column elementor-col-33 elementor-inner-column elementor-element elementor-element-08580a5\" data-id=\"08580a5\" data-element_type=\"column\">\n\t\t\t<div class=\"elementor-widget-wrap elementor-element-populated\">\n\t\t\t\t\t\t\t\t<div class=\"elementor-element elementor-element-93ff3cd elementor-widget elementor-widget-image\" data-id=\"93ff3cd\" data-element_type=\"widget\" data-widget_type=\"image.default\">\n\t\t\t\t<div class=\"elementor-widget-container\">\n\t\t\t\t\t\t\t\t\t\t\t\t\t\t\t<img decoding=\"async\" width=\"300\" height=\"57\" src=\"https:\/\/i0.wp.com\/danielstork.com\/wp-content\/uploads\/2024\/05\/flag.png?fit=300%2C57&amp;ssl=1\" class=\"attachment-medium size-medium\" alt=\"\" loading=\"lazy\" srcset=\"https:\/\/i0.wp.com\/danielstork.com\/wp-content\/uploads\/2024\/05\/flag.png?w=1731&amp;ssl=1 1731w, https:\/\/i0.wp.com\/danielstork.com\/wp-content\/uploads\/2024\/05\/flag.png?resize=300%2C57&amp;ssl=1 300w, https:\/\/i0.wp.com\/danielstork.com\/wp-content\/uploads\/2024\/05\/flag.png?resize=1024%2C196&amp;ssl=1 1024w, https:\/\/i0.wp.com\/danielstork.com\/wp-content\/uploads\/2024\/05\/flag.png?resize=768%2C147&amp;ssl=1 768w, https:\/\/i0.wp.com\/danielstork.com\/wp-content\/uploads\/2024\/05\/flag.png?resize=1536%2C294&amp;ssl=1 1536w\" sizes=\"(max-width: 300px) 100vw, 300px\" \/>\t\t\t\t\t\t\t\t\t\t\t\t\t\t\t<\/div>\n\t\t\t\t<\/div>\n\t\t\t\t\t<\/div>\n\t\t<\/div>\n\t\t\t\t<div class=\"has_eae_slider elementor-column elementor-col-33 elementor-inner-column elementor-element elementor-element-5b3824e\" data-id=\"5b3824e\" data-element_type=\"column\">\n\t\t\t<div class=\"elementor-widget-wrap\">\n\t\t\t\t\t\t\t\t\t<\/div>\n\t\t<\/div>\n\t\t\t\t\t\t\t<\/div>\n\t\t<\/section>\n\t\t\t\t\t<\/div>\n\t\t<\/div>\n\t\t\t\t\t\t\t<\/div>\n\t\t<\/section>\n\t\t\t\t<section class=\"has_eae_slider elementor-section elementor-top-section elementor-element elementor-element-c38ef1d elementor-section-boxed elementor-section-height-default elementor-section-height-default\" data-id=\"c38ef1d\" data-element_type=\"section\">\n\t\t\t\t\t\t<div class=\"elementor-container elementor-column-gap-default\">\n\t\t\t\t\t<div class=\"has_eae_slider elementor-column elementor-col-25 elementor-top-column elementor-element elementor-element-e3d93e0\" data-id=\"e3d93e0\" data-element_type=\"column\">\n\t\t\t<div class=\"elementor-widget-wrap\">\n\t\t\t\t\t\t\t\t\t<\/div>\n\t\t<\/div>\n\t\t\t\t<div class=\"has_eae_slider elementor-column elementor-col-25 elementor-top-column elementor-element elementor-element-296a630\" data-id=\"296a630\" data-element_type=\"column\">\n\t\t\t<div class=\"elementor-widget-wrap elementor-element-populated\">\n\t\t\t\t\t\t\t\t<div class=\"elementor-element elementor-element-1aa140a elementor-widget elementor-widget-heading\" data-id=\"1aa140a\" data-element_type=\"widget\" data-widget_type=\"heading.default\">\n\t\t\t\t<div class=\"elementor-widget-container\">\n\t\t\t<h6 class=\"elementor-heading-title elementor-size-default\">Ubicaci\u00f3n<\/h6>\t\t<\/div>\n\t\t\t\t<\/div>\n\t\t\t\t<div class=\"elementor-element elementor-element-87e9fa9 elementor-widget elementor-widget-text-editor\" data-id=\"87e9fa9\" data-element_type=\"widget\" data-widget_type=\"text-editor.default\">\n\t\t\t\t<div class=\"elementor-widget-container\">\n\t\t\t\t\t\t\tPalacios 418 &#8211; Pu\u00e1n &#8211;\nProvincia de Buenos Aires\t\t\t\t\t\t<\/div>\n\t\t\t\t<\/div>\n\t\t\t\t\t<\/div>\n\t\t<\/div>\n\t\t\t\t<div class=\"has_eae_slider elementor-column elementor-col-25 elementor-top-column elementor-element elementor-element-8387068\" data-id=\"8387068\" data-element_type=\"column\">\n\t\t\t<div class=\"elementor-widget-wrap elementor-element-populated\">\n\t\t\t\t\t\t\t\t<div class=\"elementor-element elementor-element-cf795e6 elementor-widget elementor-widget-heading\" data-id=\"cf795e6\" data-element_type=\"widget\" data-widget_type=\"heading.default\">\n\t\t\t\t<div class=\"elementor-widget-container\">\n\t\t\t<h6 class=\"elementor-heading-title elementor-size-default\">Contacto<\/h6>\t\t<\/div>\n\t\t\t\t<\/div>\n\t\t\t\t<div class=\"elementor-element elementor-element-f0d9b7b elementor-widget elementor-widget-text-editor\" data-id=\"f0d9b7b\" data-element_type=\"widget\" data-widget_type=\"text-editor.default\">\n\t\t\t\t<div class=\"elementor-widget-container\">\n\t\t\t\t\t\t\t<p>Tel: +54 9 2923 643677<br>Email: estudiostork@gmail.com<\/p>\t\t\t\t\t\t<\/div>\n\t\t\t\t<\/div>\n\t\t\t\t\t<\/div>\n\t\t<\/div>\n\t\t\t\t<div class=\"has_eae_slider elementor-column elementor-col-25 elementor-top-column elementor-element elementor-element-6659c05\" data-id=\"6659c05\" data-element_type=\"column\">\n\t\t\t<div class=\"elementor-widget-wrap\">\n\t\t\t\t\t\t\t\t\t<\/div>\n\t\t<\/div>\n\t\t\t\t\t\t\t<\/div>\n\t\t<\/section>\n\t\t\t\t<section class=\"has_eae_slider elementor-section elementor-top-section elementor-element elementor-element-e33e530 elementor-section-boxed elementor-section-height-default elementor-section-height-default\" data-id=\"e33e530\" data-element_type=\"section\" data-settings=\"{&quot;background_background&quot;:&quot;classic&quot;}\">\n\t\t\t\t\t\t<div class=\"elementor-container elementor-column-gap-default\">\n\t\t\t\t\t<div class=\"has_eae_slider elementor-column elementor-col-100 elementor-top-column elementor-element elementor-element-ab8bf97\" data-id=\"ab8bf97\" data-element_type=\"column\">\n\t\t\t<div class=\"elementor-widget-wrap elementor-element-populated\">\n\t\t\t\t\t\t\t\t<div class=\"elementor-element elementor-element-68cf8592 elementor-shape-rounded elementor-grid-0 e-grid-align-center elementor-widget elementor-widget-social-icons\" data-id=\"68cf8592\" data-element_type=\"widget\" data-widget_type=\"social-icons.default\">\n\t\t\t\t<div class=\"elementor-widget-container\">\n\t\t\t\t\t<div class=\"elementor-social-icons-wrapper elementor-grid\">\n\t\t\t\t\t\t\t<span class=\"elementor-grid-item\">\n\t\t\t\t\t<a class=\"elementor-icon elementor-social-icon elementor-social-icon-instagram elementor-animation-grow elementor-repeater-item-d9a9500\" href=\"https:\/\/www.instagram.com\/danielstork7\/?hl=es\" target=\"_blank\">\n\t\t\t\t\t\t<span class=\"elementor-screen-only\">Instagram<\/span>\n\t\t\t\t\t\t<i class=\"fab fa-instagram\"><\/i>\t\t\t\t\t<\/a>\n\t\t\t\t<\/span>\n\t\t\t\t\t\t\t<span class=\"elementor-grid-item\">\n\t\t\t\t\t<a class=\"elementor-icon elementor-social-icon elementor-social-icon-mail-bulk elementor-animation-grow elementor-repeater-item-4c02cc0\" href=\"http:\/\/estudiostork@gmail.com\" target=\"_blank\">\n\t\t\t\t\t\t<span class=\"elementor-screen-only\">Mail-bulk<\/span>\n\t\t\t\t\t\t<i class=\"fas fa-mail-bulk\"><\/i>\t\t\t\t\t<\/a>\n\t\t\t\t<\/span>\n\t\t\t\t\t<\/div>\n\t\t\t\t<\/div>\n\t\t\t\t<\/div>\n\t\t\t\t\t<\/div>\n\t\t<\/div>\n\t\t\t\t\t\t\t<\/div>\n\t\t<\/section>\n\t\t\t\t\t\t<\/div>\n\t\t\t\t\t<\/div>\n\t\t","protected":false},"excerpt":{"rendered":"<p>WhatsApp: +54 9 2923 643677 Derecho Inmobiliario El \u00e1mbito de actuaci\u00f3n del derecho inmobiliario es todo aquello que se relaciona con los bienes ra\u00edces (vivienda, local, terreno) tanto lo relativo al ciudadano con las Administraciones, o de los ciudadanos entre s\u00ed. Como es el caso de los arrendamientos urbanos\/rurales, la compraventa de viviendas, los traspasos &hellip;<\/p>\n<p class=\"read-more\"> <a class=\"\" href=\"https:\/\/danielstork.com\/\"> <span class=\"screen-reader-text\">Inicio<\/span> Read More &raquo;<\/a><\/p>\n","protected":false},"author":1,"featured_media":0,"parent":0,"menu_order":0,"comment_status":"closed","ping_status":"closed","template":"","meta":{"spay_email":""},"jetpack-related-posts":[],"_links":{"self":[{"href":"https:\/\/danielstork.com\/index.php\/wp-json\/wp\/v2\/pages\/62"}],"collection":[{"href":"https:\/\/danielstork.com\/index.php\/wp-json\/wp\/v2\/pages"}],"about":[{"href":"https:\/\/danielstork.com\/index.php\/wp-json\/wp\/v2\/types\/page"}],"author":[{"embeddable":true,"href":"https:\/\/danielstork.com\/index.php\/wp-json\/wp\/v2\/users\/1"}],"replies":[{"embeddable":true,"href":"https:\/\/danielstork.com\/index.php\/wp-json\/wp\/v2\/comments?post=62"}],"version-history":[{"count":140,"href":"https:\/\/danielstork.com\/index.php\/wp-json\/wp\/v2\/pages\/62\/revisions"}],"predecessor-version":[{"id":259,"href":"https:\/\/danielstork.com\/index.php\/wp-json\/wp\/v2\/pages\/62\/revisions\/259"}],"wp:attachment":[{"href":"https:\/\/danielstork.com\/index.php\/wp-json\/wp\/v2\/media?parent=62"}],"curies":[{"name":"wp","href":"https:\/\/api.w.org\/{rel}","templated":true}]}}